{"id":4,"date":"2022-04-05T07:23:06","date_gmt":"2022-04-05T07:23:06","guid":{"rendered":"https:\/\/sommerhalter.org\/?page_id=4"},"modified":"2023-02-22T16:22:00","modified_gmt":"2023-02-22T16:22:00","slug":"willkommen-auf-https-sommerhalter-org","status":"publish","type":"page","link":"https:\/\/sommerhalter.org\/","title":{"rendered":"Mehr von allem"},"content":{"rendered":"\n<div class=\"wp-block-media-text alignwide is-stacked-on-mobile\"><figure class=\"wp-block-media-text__media\"><a href=\"http:\/\/initiative.jetzt\/\"><img loading=\"lazy\" decoding=\"async\" width=\"787\" height=\"262\" src=\"https:\/\/sommerhalter.org\/wp-content\/uploads\/2023\/02\/Dachlogo-initative.png\" alt=\"\" class=\"wp-image-404 size-full\" srcset=\"https:\/\/sommerhalter.org\/wp-content\/uploads\/2023\/02\/Dachlogo-initative.png 787w, https:\/\/sommerhalter.org\/wp-content\/uploads\/2023\/02\/Dachlogo-initative-300x100.png 300w, https:\/\/sommerhalter.org\/wp-content\/uploads\/2023\/02\/Dachlogo-initative-768x256.png 768w\" sizes=\"auto, (max-width: 787px) 100vw, 787px\" \/><\/a><\/figure><div class=\"wp-block-media-text__content\">\n<p>Es wurde Zeit f\u00fcr mehr Initiative!<\/p>\n<\/div><\/div>\n\n\n\n<p><\/p>\n\n\n\n<p>Nach f\u00fcnf Jahren des zwanghaften b\u00fcndelns, wurde es Zeit die Initiative zu ergreifen. Meine Zeit beim B\u00fcndnis ist vor\u00fcber. Ich danke den zahlreichen Mitarbeitern die ich dort in den letzten Jahren kennenlernen durfte und w\u00fcnsche dem neuen Team viel Erfolg.<\/p>\n\n\n\n<p>Ich bin ab sofort ein Teil der &#8222;Initiative gegen Cybermobbing&#8220; und freue mich auf die vielf\u00e4ltigen Aufgaben die uns erwarten. Wir werden wieder die Menschlichkeit und den eigentlichen Zweck unserer Pr\u00e4vention in den Vordergrund stellen.<\/p>\n\n\n\n<figure class=\"wp-block-image size-large\"><a href=\"http:\/\/initiative.jetzt\/\"><img loading=\"lazy\" decoding=\"async\" width=\"1024\" height=\"177\" src=\"https:\/\/sommerhalter.org\/wp-content\/uploads\/2023\/02\/Signatur-Ini-2-1024x177.jpg\" alt=\"\" class=\"wp-image-405\" srcset=\"https:\/\/sommerhalter.org\/wp-content\/uploads\/2023\/02\/Signatur-Ini-2-1024x177.jpg 1024w, https:\/\/sommerhalter.org\/wp-content\/uploads\/2023\/02\/Signatur-Ini-2-300x52.jpg 300w, https:\/\/sommerhalter.org\/wp-content\/uploads\/2023\/02\/Signatur-Ini-2-768x133.jpg 768w, https:\/\/sommerhalter.org\/wp-content\/uploads\/2023\/02\/Signatur-Ini-2-1536x266.jpg 1536w, https:\/\/sommerhalter.org\/wp-content\/uploads\/2023\/02\/Signatur-Ini-2.jpg 2041w\" sizes=\"auto, (max-width: 1024px) 100vw, 1024px\" \/><\/a><\/figure>\n\n\n\n<figure class=\"wp-block-image size-full\"><img loading=\"lazy\" decoding=\"async\" width=\"748\" height=\"327\" src=\"https:\/\/sommerhalter.org\/wp-content\/uploads\/2022\/04\/Eintrag-1.jpg\" alt=\"\" class=\"wp-image-73\" srcset=\"https:\/\/sommerhalter.org\/wp-content\/uploads\/2022\/04\/Eintrag-1.jpg 748w, https:\/\/sommerhalter.org\/wp-content\/uploads\/2022\/04\/Eintrag-1-300x131.jpg 300w\" sizes=\"auto, (max-width: 748px) 100vw, 748px\" \/><\/figure>\n\n\n\n<p>Seit Jahrzehnten bin ich als freiberuflicher Dozent in der Jugend- und Erwachsenenbildung bundesweit t\u00e4tig.  Dies ist meine Homepage. Hier finden Sie meine Angebote, Referenzen und Medienberichte.<\/p>\n\n\n\n<p>Ich bin Vater dreier Kinder, darf p\u00e4dagogische Fortbildungen abhalten und bin ehemaliger Schulelternsprecher. Ich kenne und respektiere die \u00c4ngste, Sorgen, N\u00f6te und Erwartungen aller Seiten einer Schule. <\/p>\n\n\n\n<figure class=\"wp-block-image size-large\"><img loading=\"lazy\" decoding=\"async\" width=\"847\" height=\"254\" src=\"https:\/\/sommerhalter.org\/wp-content\/uploads\/2022\/04\/Header-edited-1.jpg\" alt=\"\" class=\"wp-image-176\" srcset=\"https:\/\/sommerhalter.org\/wp-content\/uploads\/2022\/04\/Header-edited-1.jpg 847w, https:\/\/sommerhalter.org\/wp-content\/uploads\/2022\/04\/Header-edited-1-300x90.jpg 300w, https:\/\/sommerhalter.org\/wp-content\/uploads\/2022\/04\/Header-edited-1-768x230.jpg 768w\" sizes=\"auto, (max-width: 847px) 100vw, 847px\" \/><\/figure>\n\n\n\n<p><\/p>\n\n\n\n<h1 class=\"wp-block-heading\">Erlebnisp\u00e4dagogische Projekte<\/h1>\n\n\n\n<p><\/p>\n\n\n\n<h2 class=\"wp-block-heading\"><\/h2>\n\n\n\n<h1 class=\"wp-block-heading\">2022 wird der n\u00e4chste Schritt mehr Initiative sein!<\/h1>\n\n\n\n<p>Seien Sie gespannt. <\/p>\n\n\n\n<div class=\"wp-block-group\"><div class=\"wp-block-group__inner-container is-layout-flow wp-block-group-is-layout-flow\">\n<div class=\"wp-block-columns is-layout-flex wp-container-core-columns-is-layout-9d6595d7 wp-block-columns-is-layout-flex\">\n<div class=\"wp-block-column is-layout-flow wp-block-column-is-layout-flow\" style=\"flex-basis:100%\">\n<div class=\"wp-block-group\"><div class=\"wp-block-group__inner-container is-layout-flow wp-block-group-is-layout-flow\">\n<div class=\"wp-block-columns is-layout-flex wp-container-core-columns-is-layout-9d6595d7 wp-block-columns-is-layout-flex\">\n<div class=\"wp-block-column is-layout-flow wp-block-column-is-layout-flow\" style=\"flex-basis:100%\">\n<div class=\"wp-block-cover is-light\" style=\"min-height:363px;aspect-ratio:unset;\"><span aria-hidden=\"true\" class=\"wp-block-cover__background has-background-dim\"><\/span><img loading=\"lazy\" decoding=\"async\" width=\"399\" height=\"128\" class=\"wp-block-cover__image-background wp-image-269\" alt=\"\" src=\"https:\/\/sommerhalter.org\/wp-content\/uploads\/2022\/06\/cropped-Logo-digitale-welten_small-1.png\" style=\"object-position:0% 47%\" data-object-fit=\"cover\" data-object-position=\"0% 47%\" srcset=\"https:\/\/sommerhalter.org\/wp-content\/uploads\/2022\/06\/cropped-Logo-digitale-welten_small-1.png 399w, https:\/\/sommerhalter.org\/wp-content\/uploads\/2022\/06\/cropped-Logo-digitale-welten_small-1-300x96.png 300w\" sizes=\"auto, (max-width: 399px) 100vw, 399px\" \/><div class=\"wp-block-cover__inner-container is-layout-flow wp-block-cover-is-layout-flow\">\n<div class=\"wp-block-cover is-light\"><span aria-hidden=\"true\" class=\"wp-block-cover__background has-background-dim-0 has-background-dim\"><\/span><div class=\"wp-block-cover__inner-container is-layout-flow wp-block-cover-is-layout-flow\">\n<div class=\"wp-block-group\"><div class=\"wp-block-group__inner-container is-layout-flow wp-block-group-is-layout-flow\">\n<p class=\"has-white-color has-secondary-background-color has-text-color has-background has-large-font-size\"><strong>Neuigkeiten<\/strong><\/p>\n<\/div><\/div>\n\n\n<\/div><\/div>\n<\/div><\/div>\n\n\n<\/div>\n<\/div>\n<\/div><\/div>\n<\/div>\n<\/div>\n<\/div><\/div>\n","protected":false},"excerpt":{"rendered":"<p>Es wurde Zeit f\u00fcr mehr Initiative! Nach f\u00fcnf Jahren des zwanghaften b\u00fcndelns, wurde es Zeit die Initiative zu ergreifen. Meine Zeit beim B\u00fcndnis ist vor\u00fcber. Ich danke den zahlreichen Mitarbeitern die ich dort in den letzten Jahren kennenlernen durfte und w\u00fcnsche dem neuen Team viel Erfolg. Ich bin ab sofort<\/p>\n","protected":false},"author":1,"featured_media":0,"parent":0,"menu_order":0,"comment_status":"closed","ping_status":"open","template":"","meta":{"footnotes":""},"class_list":["post-4","page","type-page","status-publish","hentry"],"_links":{"self":[{"href":"https:\/\/sommerhalter.org\/index.php?rest_route=\/wp\/v2\/pages\/4","targetHints":{"allow":["GET"]}}],"collection":[{"href":"https:\/\/sommerhalter.org\/index.php?rest_route=\/wp\/v2\/pages"}],"about":[{"href":"https:\/\/sommerhalter.org\/index.php?rest_route=\/wp\/v2\/types\/page"}],"author":[{"embeddable":true,"href":"https:\/\/sommerhalter.org\/index.php?rest_route=\/wp\/v2\/users\/1"}],"replies":[{"embeddable":true,"href":"https:\/\/sommerhalter.org\/index.php?rest_route=%2Fwp%2Fv2%2Fcomments&post=4"}],"version-history":[{"count":30,"href":"https:\/\/sommerhalter.org\/index.php?rest_route=\/wp\/v2\/pages\/4\/revisions"}],"predecessor-version":[{"id":424,"href":"https:\/\/sommerhalter.org\/index.php?rest_route=\/wp\/v2\/pages\/4\/revisions\/424"}],"wp:attachment":[{"href":"https:\/\/sommerhalter.org\/index.php?rest_route=%2Fwp%2Fv2%2Fmedia&parent=4"}],"curies":[{"name":"wp","href":"https:\/\/api.w.org\/{rel}","templated":true}]}}