{"id":38,"date":"2022-04-05T11:38:05","date_gmt":"2022-04-05T11:38:05","guid":{"rendered":"https:\/\/sommerhalter.org\/?page_id=38"},"modified":"2022-04-14T14:23:28","modified_gmt":"2022-04-14T14:23:28","slug":"angebot","status":"publish","type":"page","link":"https:\/\/sommerhalter.org\/?page_id=38","title":{"rendered":"Angebote"},"content":{"rendered":"\n<p>Inhaltlich Angebote:<\/p>\n\n\n\n<ul class=\"wp-block-list\"><li>Neue Medien \/ Mediennutzung<\/li><li>Cybermobbing, Pr\u00e4vention und Intervention<\/li><li>Cybercrime, <\/li><li>Soziale Netzwerke<\/li><li>Gaming<\/li><li>Pathologisches Verhalten \/ Medien- und Spielsucht<\/li><li><\/li><\/ul>\n\n\n\n<p>Hier finden Sie das passende Format f\u00fcr Ihr Projekt.  Falls nicht, rufen Sie mich an \ud83d\ude42<\/p>\n\n\n\n<div class=\"wp-block-cover is-light\" style=\"min-height:113px;aspect-ratio:unset;\"><span aria-hidden=\"true\" class=\"has-background-dim-100 wp-block-cover__gradient-background has-background-dim has-background-gradient\" style=\"background:radial-gradient(rgb(131,250,12) 0%,rgb(255,255,255) 56%)\"><\/span><div class=\"wp-block-cover__inner-container is-layout-flow wp-block-cover-is-layout-flow\">\n<p class=\"has-text-align-center has-large-font-size\" style=\"font-style:normal;font-weight:500\">Sch\u00fcler<\/p>\n<\/div><\/div>\n\n\n\n<figure class=\"wp-block-image size-large is-resized\"><img loading=\"lazy\" decoding=\"async\" src=\"https:\/\/sommerhalter.org\/wp-content\/uploads\/2022\/04\/angebote-810x1024.jpg\" alt=\"\" class=\"wp-image-77\" width=\"1125\" height=\"1422\" srcset=\"https:\/\/sommerhalter.org\/wp-content\/uploads\/2022\/04\/angebote-810x1024.jpg 810w, https:\/\/sommerhalter.org\/wp-content\/uploads\/2022\/04\/angebote-237x300.jpg 237w, https:\/\/sommerhalter.org\/wp-content\/uploads\/2022\/04\/angebote-768x971.jpg 768w, https:\/\/sommerhalter.org\/wp-content\/uploads\/2022\/04\/angebote-1214x1536.jpg 1214w, https:\/\/sommerhalter.org\/wp-content\/uploads\/2022\/04\/angebote-1619x2048.jpg 1619w, https:\/\/sommerhalter.org\/wp-content\/uploads\/2022\/04\/angebote-scaled.jpg 2024w\" sizes=\"auto, (max-width: 1125px) 100vw, 1125px\" \/><\/figure>\n\n\n\n<div class=\"wp-block-cover is-light\" style=\"min-height:113px;aspect-ratio:unset;\"><span aria-hidden=\"true\" class=\"has-background-dim-100 wp-block-cover__gradient-background has-background-dim has-background-gradient\" style=\"background:radial-gradient(rgb(131,250,12) 0%,rgb(255,255,255) 56%)\"><\/span><div class=\"wp-block-cover__inner-container is-layout-flow wp-block-cover-is-layout-flow\">\n<p class=\"has-text-align-center has-large-font-size\" style=\"font-style:normal;font-weight:500\">Lehrpersonal \/ Schulsozialarbeit \/ Betreuung<\/p>\n<\/div><\/div>\n\n\n\n<h2 class=\"wp-block-heading\"><strong>Fort- und Weiterbildungen, Grund- und Aufbau-Seminare<br>f\u00fcr Lehrerpersonal, Betreuung, Schulsozialarbeit und andere<\/strong><\/h2>\n\n\n\n<h4 class=\"wp-block-heading\">&#8211; Mobbing\/Cybermobbing<\/h4>\n\n\n\n<h4 class=\"wp-block-heading\">&#8211; Cybercrime<\/h4>\n\n\n\n<h4 class=\"wp-block-heading\">&#8211; Wissen was gespielt wird<\/h4>\n\n\n\n<h4 class=\"wp-block-heading\">&#8211; Online Sucht<\/h4>\n\n\n\n<div class=\"wp-block-cover is-light\" style=\"min-height:113px;aspect-ratio:unset;\"><span aria-hidden=\"true\" class=\"has-background-dim-100 wp-block-cover__gradient-background has-background-dim has-background-gradient\" style=\"background:radial-gradient(rgb(131,250,12) 0%,rgb(255,255,255) 56%)\"><\/span><div class=\"wp-block-cover__inner-container is-layout-flow wp-block-cover-is-layout-flow\">\n<p class=\"has-text-align-center has-large-font-size\" style=\"font-style:normal;font-weight:500\">Eltern- \/ Infoabend<\/p>\n<\/div><\/div>\n\n\n\n<h2 class=\"wp-block-heading\">Infoabende zur Thematik<\/h2>\n\n\n\n<div class=\"wp-block-cover is-light\" style=\"min-height:113px;aspect-ratio:unset;\"><span aria-hidden=\"true\" class=\"has-background-dim-100 wp-block-cover__gradient-background has-background-dim has-background-gradient\" style=\"background:radial-gradient(rgb(131,250,12) 0%,rgb(255,255,255) 56%)\"><\/span><div class=\"wp-block-cover__inner-container is-layout-flow wp-block-cover-is-layout-flow\">\n<p class=\"has-text-align-center has-large-font-size\" style=\"font-style:normal;font-weight:500\">Online-Seminare<\/p>\n<\/div><\/div>\n\n\n\n<h4 class=\"wp-block-heading\"><strong>Die Teilnahme an den Veranstaltungen der&nbsp;&#8222;Elternschule&#8220; sind KOSTENLOS!<\/strong>*<\/h4>\n\n\n\n<p>*Termine nach Absprache, min 5 Teilnehmer<\/p>\n\n\n\n<p><strong>[WES-01]<\/strong>&nbsp;&#8211; Tipps zum Homeschooling<br>(Hardware, Software, Tipps f\u00fcr das Nervenkost\u00fcm&nbsp;)<\/p>\n\n\n\n<p><strong>[WES-02]<\/strong>&#8211; Der AGB AufGabenBlock<br>(hilft bei der Strukturierung, eine sinnvolle&nbsp;AGB und kreative To-Do Liste f\u00fcr Sch\u00fcler und Home-Office)<\/p>\n\n\n\n<p><strong>[WES-03]<\/strong>&#8211; Aktuelle Abzocke und Betrugsmaschen im Netz<br>(Vorsicht bei aktuellen Schn\u00e4ppchen, Was muss ich wissen? Wie kann ich mich sch\u00fctzen?)<\/p>\n\n\n\n<p><strong>[WES-04]<\/strong>&#8211; Internet kindgerecht gestalten<br>(Sie wollen Ihr Kind im Netz begleiten? Dann sind Sie hier richtig)<\/p>\n\n\n\n<p><strong>[WES-05]<\/strong>&#8211; Ist mein Kind s\u00fcchtig nach SocialMedia, Games?<br>(Pr\u00e4vention, sch\u00fctzen, erkennen, handeln)<\/p>\n\n\n\n<p><strong>[WES-06]<\/strong>&#8211; Ratgeber f\u00fcr Elternfragen rund ums Netz<br>(Alles was Sie schon immer einmal fragen wollten!)<\/p>\n\n\n\n<p>M\u00f6chten Sie uns eine R\u00fcckmeldung geben welche Inhalte Sie w\u00fcnschen? -&gt;&nbsp;Kontaktieren Sie mich!<\/p>\n","protected":false},"excerpt":{"rendered":"<p>Inhaltlich Angebote: Neue Medien \/ Mediennutzung Cybermobbing, Pr\u00e4vention und Intervention Cybercrime, Soziale Netzwerke Gaming Pathologisches Verhalten \/ Medien- und Spielsucht Hier finden Sie das passende Format f\u00fcr Ihr Projekt. Falls nicht, rufen Sie mich an \ud83d\ude42 Fort- und Weiterbildungen, Grund- und Aufbau-Seminaref\u00fcr Lehrerpersonal, Betreuung, Schulsozialarbeit und andere &#8211; Mobbing\/Cybermobbing &#8211;<\/p>\n","protected":false},"author":1,"featured_media":0,"parent":0,"menu_order":0,"comment_status":"closed","ping_status":"closed","template":"","meta":{"footnotes":""},"class_list":["post-38","page","type-page","status-publish","hentry"],"_links":{"self":[{"href":"https:\/\/sommerhalter.org\/index.php?rest_route=\/wp\/v2\/pages\/38","targetHints":{"allow":["GET"]}}],"collection":[{"href":"https:\/\/sommerhalter.org\/index.php?rest_route=\/wp\/v2\/pages"}],"about":[{"href":"https:\/\/sommerhalter.org\/index.php?rest_route=\/wp\/v2\/types\/page"}],"author":[{"embeddable":true,"href":"https:\/\/sommerhalter.org\/index.php?rest_route=\/wp\/v2\/users\/1"}],"replies":[{"embeddable":true,"href":"https:\/\/sommerhalter.org\/index.php?rest_route=%2Fwp%2Fv2%2Fcomments&post=38"}],"version-history":[{"count":11,"href":"https:\/\/sommerhalter.org\/index.php?rest_route=\/wp\/v2\/pages\/38\/revisions"}],"predecessor-version":[{"id":201,"href":"https:\/\/sommerhalter.org\/index.php?rest_route=\/wp\/v2\/pages\/38\/revisions\/201"}],"wp:attachment":[{"href":"https:\/\/sommerhalter.org\/index.php?rest_route=%2Fwp%2Fv2%2Fmedia&parent=38"}],"curies":[{"name":"wp","href":"https:\/\/api.w.org\/{rel}","templated":true}]}}