{"id":255,"date":"2022-06-15T07:21:26","date_gmt":"2022-06-15T07:21:26","guid":{"rendered":"https:\/\/sommerhalter.org\/?page_id=255"},"modified":"2022-07-26T15:32:28","modified_gmt":"2022-07-26T15:32:28","slug":"einfach-so","status":"publish","type":"page","link":"https:\/\/sommerhalter.org\/?page_id=255","title":{"rendered":"einfach so"},"content":{"rendered":"\n<p>Als Projektidee f\u00fcr mehr Freundlichkeit und Respekt untereinander startete  im Januar 2010 das Projekt &#8222;einfach so&#8220;!<\/p>\n\n\n\n<h2 class=\"wp-block-heading\">Wie funktioniert es?<\/h2>\n\n\n\n<p class=\"has-medium-font-size\"><strong>f\u00fcr alle:<\/strong><\/p>\n\n\n\n<ul class=\"wp-block-list\"><li>man sagt jemand etwas nettes oder tut ihm etwas gutes!<\/li><li>unerwartet<\/li><li>einfach so \ud83d\ude42<\/li><li>und gibt ihm dabei eine &#8222;einfach so&#8220; Karte<\/li><li>mit der Bitte &#8222;wenn Ihne das Gefallen hat, geben Sie die Karte an jemand anderes weiter und wenn Sie m\u00f6chten berichten Sie davon auf der Website &#8222;einfachso.sommerhalter.info&#8220; <\/li><\/ul>\n\n\n\n<p><strong>f\u00fcr Schulklassen:<\/strong><\/p>\n\n\n\n<p>In Schulklassen setze ich es zur Verbesserung des Klassenklimas ein. Dann bekommt EIN Sch\u00fcler\/Sch\u00fclerin den ganzen Stapel abgez\u00e4hlter Karten (Anzahl SuS plus Lehrkr\u00e4fte plus evtl. zus\u00e4tzliche Mitglieder der Klassengemeinschaft.)<\/p>\n\n\n\n<p>Diesem Sch\u00fcler sage ich &#8222;einfach so&#8220; etwas nettes und gebe Ihm<strong> alle<\/strong> Karten, verbunden mit der Aufgabe das er <strong>EINE<\/strong> Karte f\u00fcr sich selbst behalten darf und die die restlichen am <strong>n\u00e4chsten<\/strong> Tag an jemand anderen weitergibt, der es seiner Meinung nach auch verdient hat diese Karte zu bekommen und dem ebenfalls etwas nettes sagt. Dann darf dieser ebenfalls eine Karte behalten und soll die restlichen am n\u00e4chsten Schultag an jemand anderen weitergeben.<\/p>\n\n\n\n<p>Der Effekt der sich meistens einstellt ist der das jeder eine Karte m\u00f6chte. Diejenigen die sich positiv f\u00fcr die Klassengemeinschaft verhalten, diese Karte jedoch fr\u00fcher bekommen! <\/p>\n\n\n\n<p>Verbunden mit der Gesamtaufgabe, die erst beendet ist wenn JEDER eine Karte bekommen hat, entsteht meist eine gute Dynamik. In Absprache mit den Lehrern gab es oft eine Belohnung f\u00fcr das erfolgreiche beenden der Gesamtaufgabe z.B. Eis essen gehen oder einen gemeinsamen Exkurs in den Kletterpark. <\/p>\n\n\n\n<p>In besonderen F\u00e4llen habe ich der Klassengemeinschaft auch angeboten das Sie als Klassenausflug zum Neunkircher Zoo fahren und ich dort den Eintritt und das gemeinsame Grillen organisiere. Vereinzelt gab es auch Schnupperkurse f\u00fcr Bogenschiessen. (Ich bin Bogensporttrainer DOSB und gebe sehr gerne diese Schnupperkurse, wo ich oft erlebe das sehr unruhige junge Menschen, sich pl\u00f6tzlich an Regeln halten und sich konzentrieren k\u00f6nnen, weil Sie etwas erreichen wollen -&gt; sehr hohe intrinsische Motivation)<\/p>\n\n\n\n<p>Das komplette Regelwerk stelle ich in K\u00fcrze hier zur Verf\u00fcgung (Stand 16.06.22 geplante Ausf\u00fchrung bis Ende August)<\/p>\n\n\n\n<p><\/p>\n\n\n\n<p>Nachtrag vom 26.07.2022: Der Schulleiter der GemS Freisen, Herr Marc Andre M\u00fcller hat die Karten die seine Schule bekommen hat um den Punkt &#8222;oder etwas nettes tun&#8220; erweitert.<\/p>\n\n\n\n<p><\/p>\n\n\n\n<blockquote class=\"wp-block-quote is-layout-flow wp-block-quote-is-layout-flow\"><p>Eine sch\u00f6ne Geste unseres schulischen Kooperationspartners in der Pr\u00e4ventionsarbeit Peter Sommerhalter hat mich inspiriert. Er verteilt \u00f6fters Visitenk\u00e4rtchen mit der Aufschrift \u201eEinfach so jemand etwas Nettes sagen\u201c und spricht den Menschen dazu ein Kompliment oder halt einfach etwas Nettes aus. Eine kleine Geste mit gro\u00dfer Wirkung, die beim Gegen\u00fcber garantiert ein freudiges L\u00e4cheln ausl\u00f6st.<\/p><p>Ich habe daraus jetzt die Variante \u201eEinfach so etwas Nettes tun\u201c abgeleitet. Die Grundschule meines Sohnes hatte letzte Woche ein tolles Schulzirkusprojekt auf die Beine gestellt und mit der gro\u00dfen Galavorstellung vielen Eltern, Geschwistern, Gro\u00dfeltern und Freunden eine Freude bereitet. Daher habe ich der kompletten Sch\u00fclerschaft der Grundschule Niederkirchen spontan ein Eis<img loading=\"lazy\" decoding=\"async\" height=\"16\" width=\"16\" src=\"https:\/\/static.xx.fbcdn.net\/images\/emoji.php\/v9\/t24\/1.5\/16\/1f366.png\" alt=\"\ud83c\udf66\">spendiert. Sie haben sich sehr dar\u00fcber gefreut &#8211; Nachahmen ist also unbedingt erw\u00fcnscht! <img loading=\"lazy\" decoding=\"async\" height=\"16\" width=\"16\" src=\"https:\/\/static.xx.fbcdn.net\/images\/emoji.php\/v9\/tb0\/1.5\/16\/1f609.png\" alt=\"\ud83d\ude09\"><\/p><p>Auch die Lehrerinnen hatten sich nat\u00fcrlich ein Eis verdient, denn sie haben das Zirkusprojekt nicht nur betreut, sondern tats\u00e4chlich auch geschlossen beim Abbau des Zeltes nach der Vorstellung am Freitagabend bis zum Schluss mitangepackt. <img loading=\"lazy\" decoding=\"async\" height=\"16\" width=\"16\" src=\"https:\/\/static.xx.fbcdn.net\/images\/emoji.php\/v9\/t26\/1.5\/16\/1f643.png\" alt=\"\ud83d\ude43\"><\/p><p>Nochmals DANKE an alle Beteiligten f\u00fcr das tolle Erlebnis letzte Woche!<\/p><cite>Facebookpost vom 24. Juni 2022 <a href=\"https:\/\/www.facebook.com\/marcandremueller82\/posts\/pfbid0VNEi9J8QzJMBf3A4PhorjQrWDGxHhesz3CQTcyFnW1yvHkiYChdRpmaZ64kveVBUl\">https:\/\/www.facebook.com\/marcandremueller82\/posts\/pfbid0VNEi9J8QzJMBf3A4PhorjQrWDGxHhesz3CQTcyFnW1yvHkiYChdRpmaZ64kveVBUl<\/a><\/cite><\/blockquote>\n\n\n\n<figure class=\"wp-block-image size-large\"><img loading=\"lazy\" decoding=\"async\" width=\"1024\" height=\"768\" src=\"https:\/\/sommerhalter.org\/wp-content\/uploads\/2022\/07\/nettes-tun-1024x768.jpg\" alt=\"\" class=\"wp-image-342\" srcset=\"https:\/\/sommerhalter.org\/wp-content\/uploads\/2022\/07\/nettes-tun-1024x768.jpg 1024w, https:\/\/sommerhalter.org\/wp-content\/uploads\/2022\/07\/nettes-tun-300x225.jpg 300w, https:\/\/sommerhalter.org\/wp-content\/uploads\/2022\/07\/nettes-tun-768x576.jpg 768w, https:\/\/sommerhalter.org\/wp-content\/uploads\/2022\/07\/nettes-tun-1536x1152.jpg 1536w, https:\/\/sommerhalter.org\/wp-content\/uploads\/2022\/07\/nettes-tun.jpg 2048w\" sizes=\"auto, (max-width: 1024px) 100vw, 1024px\" \/><\/figure>\n","protected":false},"excerpt":{"rendered":"<p>Als Projektidee f\u00fcr mehr Freundlichkeit und Respekt untereinander startete im Januar 2010 das Projekt &#8222;einfach so&#8220;! Wie funktioniert es? f\u00fcr alle: man sagt jemand etwas nettes oder tut ihm etwas gutes! unerwartet einfach so \ud83d\ude42 und gibt ihm dabei eine &#8222;einfach so&#8220; Karte mit der Bitte &#8222;wenn Ihne das Gefallen<\/p>\n","protected":false},"author":1,"featured_media":343,"parent":0,"menu_order":0,"comment_status":"closed","ping_status":"closed","template":"","meta":{"footnotes":""},"class_list":["post-255","page","type-page","status-publish","has-post-thumbnail","hentry"],"_links":{"self":[{"href":"https:\/\/sommerhalter.org\/index.php?rest_route=\/wp\/v2\/pages\/255","targetHints":{"allow":["GET"]}}],"collection":[{"href":"https:\/\/sommerhalter.org\/index.php?rest_route=\/wp\/v2\/pages"}],"about":[{"href":"https:\/\/sommerhalter.org\/index.php?rest_route=\/wp\/v2\/types\/page"}],"author":[{"embeddable":true,"href":"https:\/\/sommerhalter.org\/index.php?rest_route=\/wp\/v2\/users\/1"}],"replies":[{"embeddable":true,"href":"https:\/\/sommerhalter.org\/index.php?rest_route=%2Fwp%2Fv2%2Fcomments&post=255"}],"version-history":[{"count":6,"href":"https:\/\/sommerhalter.org\/index.php?rest_route=\/wp\/v2\/pages\/255\/revisions"}],"predecessor-version":[{"id":344,"href":"https:\/\/sommerhalter.org\/index.php?rest_route=\/wp\/v2\/pages\/255\/revisions\/344"}],"wp:featuredmedia":[{"embeddable":true,"href":"https:\/\/sommerhalter.org\/index.php?rest_route=\/wp\/v2\/media\/343"}],"wp:attachment":[{"href":"https:\/\/sommerhalter.org\/index.php?rest_route=%2Fwp%2Fv2%2Fmedia&parent=255"}],"curies":[{"name":"wp","href":"https:\/\/api.w.org\/{rel}","templated":true}]}}