{"id":204,"date":"2022-04-14T14:25:31","date_gmt":"2022-04-14T14:25:31","guid":{"rendered":"https:\/\/sommerhalter.org\/?page_id=204"},"modified":"2022-05-09T08:42:21","modified_gmt":"2022-05-09T08:42:21","slug":"online-seminar","status":"publish","type":"page","link":"https:\/\/sommerhalter.org\/?page_id=204","title":{"rendered":"Online-Seminar"},"content":{"rendered":"\n<h4 class=\"wp-block-heading\"><strong>Die Teilnahme an den Veranstaltungen der&nbsp;\u201eElternschule\u201c sind KOSTENLOS!<\/strong>*<\/h4>\n\n\n\n<p>*Termine nach Absprache, min 5 Teilnehmer<\/p>\n\n\n\n<p><strong>[WES-01]<\/strong>&nbsp;\u2013 Tipps zum Homeschooling<br>(Hardware, Software, Tipps f\u00fcr das Nervenkost\u00fcm&nbsp;)<\/p>\n\n\n\n<p><strong>[WES-02]<\/strong>\u2013 Der AGB AufGabenBlock<br>(hilft bei der Strukturierung, eine sinnvolle&nbsp;AGB und kreative To-Do Liste f\u00fcr Sch\u00fcler und Home-Office)<\/p>\n\n\n\n<p><strong>[WES-03]<\/strong>\u2013 Aktuelle Abzocke und Betrugsmaschen im Netz<br>(Vorsicht bei aktuellen Schn\u00e4ppchen, Was muss ich wissen? Wie kann ich mich sch\u00fctzen?)<\/p>\n\n\n\n<p><strong>[WES-04]<\/strong>\u2013 Internet kindgerecht gestalten<br>(Sie wollen Ihr Kind im Netz begleiten? Dann sind Sie hier richtig)<\/p>\n\n\n\n<p><strong>[WES-05]<\/strong>\u2013 Ist mein Kind s\u00fcchtig nach SocialMedia, Games?<br>(Pr\u00e4vention, sch\u00fctzen, erkennen, handeln)<\/p>\n\n\n\n<p><strong>[WES-06]<\/strong>\u2013 Ratgeber f\u00fcr Elternfragen rund ums Netz<br>(Alles was Sie schon immer einmal fragen wollten!)<\/p>\n\n\n\n<p>M\u00f6chten Sie uns eine R\u00fcckmeldung geben welche Inhalte Sie w\u00fcnschen? -&gt;&nbsp;Kontaktieren Sie mich!<\/p>\n\n\n\n<p><\/p>\n","protected":false},"excerpt":{"rendered":"<p>Die Teilnahme an den Veranstaltungen der&nbsp;\u201eElternschule\u201c sind KOSTENLOS!* *Termine nach Absprache, min 5 Teilnehmer [WES-01]&nbsp;\u2013 Tipps zum Homeschooling(Hardware, Software, Tipps f\u00fcr das Nervenkost\u00fcm&nbsp;) [WES-02]\u2013 Der AGB AufGabenBlock(hilft bei der Strukturierung, eine sinnvolle&nbsp;AGB und kreative To-Do Liste f\u00fcr Sch\u00fcler und Home-Office) [WES-03]\u2013 Aktuelle Abzocke und Betrugsmaschen im Netz(Vorsicht bei aktuellen Schn\u00e4ppchen,<\/p>\n","protected":false},"author":1,"featured_media":0,"parent":0,"menu_order":0,"comment_status":"closed","ping_status":"closed","template":"","meta":{"footnotes":""},"class_list":["post-204","page","type-page","status-publish","hentry"],"_links":{"self":[{"href":"https:\/\/sommerhalter.org\/index.php?rest_route=\/wp\/v2\/pages\/204","targetHints":{"allow":["GET"]}}],"collection":[{"href":"https:\/\/sommerhalter.org\/index.php?rest_route=\/wp\/v2\/pages"}],"about":[{"href":"https:\/\/sommerhalter.org\/index.php?rest_route=\/wp\/v2\/types\/page"}],"author":[{"embeddable":true,"href":"https:\/\/sommerhalter.org\/index.php?rest_route=\/wp\/v2\/users\/1"}],"replies":[{"embeddable":true,"href":"https:\/\/sommerhalter.org\/index.php?rest_route=%2Fwp%2Fv2%2Fcomments&post=204"}],"version-history":[{"count":2,"href":"https:\/\/sommerhalter.org\/index.php?rest_route=\/wp\/v2\/pages\/204\/revisions"}],"predecessor-version":[{"id":245,"href":"https:\/\/sommerhalter.org\/index.php?rest_route=\/wp\/v2\/pages\/204\/revisions\/245"}],"wp:attachment":[{"href":"https:\/\/sommerhalter.org\/index.php?rest_route=%2Fwp%2Fv2%2Fmedia&parent=204"}],"curies":[{"name":"wp","href":"https:\/\/api.w.org\/{rel}","templated":true}]}}