{"id":2,"date":"2022-04-05T09:18:54","date_gmt":"2022-04-05T09:18:54","guid":{"rendered":"https:\/\/sommerhalter.org\/?page_id=2"},"modified":"2022-10-24T15:51:54","modified_gmt":"2022-10-24T15:51:54","slug":"sample-page","status":"publish","type":"page","link":"https:\/\/sommerhalter.org\/?page_id=2","title":{"rendered":"Referenzen"},"content":{"rendered":"\n<figure class=\"wp-block-embed is-type-video is-provider-youtube wp-block-embed-youtube wp-embed-aspect-16-9 wp-has-aspect-ratio\"><div class=\"wp-block-embed__wrapper\">\n<iframe loading=\"lazy\" hcb-fetch-image-from=\"https:\/\/youtu.be\/9LRepZrb-Mo\" title=\"Sommerhalter Org Imagefilm\" width=\"900\" height=\"506\" src=\"https:\/\/www.youtube.com\/embed\/9LRepZrb-Mo?feature=oembed\" frameborder=\"0\" allow=\"accelerometer; autoplay; clipboard-write; encrypted-media; gyroscope; picture-in-picture\" allowfullscreen><\/iframe>\n<\/div><\/figure>\n\n\n\n<figure class=\"wp-block-embed is-type-video is-provider-youtube wp-block-embed-youtube wp-embed-aspect-16-9 wp-has-aspect-ratio\"><div class=\"wp-block-embed__wrapper\">\n<iframe loading=\"lazy\" hcb-fetch-image-from=\"https:\/\/www.youtube.com\/watch?v=1EJpPPIYekU&amp;t=4s\" title=\"B\u00fcndnis gegen Cybermobbing\" width=\"900\" height=\"506\" src=\"https:\/\/www.youtube.com\/embed\/1EJpPPIYekU?start=4&#038;feature=oembed\" frameborder=\"0\" allow=\"accelerometer; autoplay; clipboard-write; encrypted-media; gyroscope; picture-in-picture\" allowfullscreen><\/iframe>\n<\/div><figcaption>Projekt: &#8222;Wir alle gegen Cybermobbing&#8220; Das erste Zertifikat 2018 f\u00fcr die Bergschule Singen in BaW\u00fc<\/figcaption><\/figure>\n\n\n\n<p><a href=\"https:\/\/sommerhalter.org\/?cat=3\" target=\"_blank\" rel=\"noreferrer noopener\">Sie k\u00f6nnen zus\u00e4tzliche Referenzen unter den Kategorien der Beitr\u00e4ge anschauen. <\/a><\/p>\n\n\n\n<h1 class=\"wp-block-heading\">Meilensteine:<\/h1>\n\n\n\n<h2 class=\"wp-block-heading\">Aktiv bei ProKidS Neunkirchen e.V. <\/h2>\n\n\n\n<h2 class=\"wp-block-heading\">2009 bis 2012 gestaltete ich f\u00fcr das Landesinstitut pr\u00e4ventives Handeln Saarland die Elternabende &#8222;Gar nicht nett im Internet?&#8220;<\/h2>\n\n\n\n<h2 class=\"wp-block-heading\"><strong>2012 gewann mein Konzept &#8222;Neue Medien positiv erleben&#8220; einen Jurypreis und wurde vielfach umgesetzt und weiterentwickelt. <\/strong><\/h2>\n\n\n\n<figure class=\"wp-block-image size-medium is-style-default\"><img loading=\"lazy\" decoding=\"async\" width=\"223\" height=\"300\" src=\"https:\/\/sommerhalter.org\/wp-content\/uploads\/2022\/04\/Jurypreis-2012-223x300.jpg\" alt=\"\" class=\"wp-image-26\" srcset=\"https:\/\/sommerhalter.org\/wp-content\/uploads\/2022\/04\/Jurypreis-2012-223x300.jpg 223w, https:\/\/sommerhalter.org\/wp-content\/uploads\/2022\/04\/Jurypreis-2012-763x1024.jpg 763w, https:\/\/sommerhalter.org\/wp-content\/uploads\/2022\/04\/Jurypreis-2012-768x1031.jpg 768w, https:\/\/sommerhalter.org\/wp-content\/uploads\/2022\/04\/Jurypreis-2012-1144x1536.jpg 1144w, https:\/\/sommerhalter.org\/wp-content\/uploads\/2022\/04\/Jurypreis-2012-1525x2048.jpg 1525w, https:\/\/sommerhalter.org\/wp-content\/uploads\/2022\/04\/Jurypreis-2012-scaled.jpg 1907w\" sizes=\"auto, (max-width: 223px) 100vw, 223px\" \/><\/figure>\n\n\n\n<blockquote class=\"wp-block-quote is-layout-flow wp-block-quote-is-layout-flow\"><p>Der Fokus liegt klar auf der Vermittlung von positiven Verhalten und einer sinnvollen, bewussten Nutzung der Neuen Medien. Aber auch die Gefahren werden erl\u00e4utert und die Strafbarkeit problematischer Handlungen offen dargestellt.<\/p><\/blockquote>\n\n\n\n<p><\/p>\n\n\n\n<p><\/p>\n\n\n\n<h2 class=\"wp-block-heading\"><strong>2014 startet das Konzept &#8222;Wir alle gegen Cyermobbing&#8220;<\/strong><\/h2>\n\n\n\n<p><strong> welches 2014 und 2016 durch die SWR Herzenssache gef\u00f6rdert wurde. <\/strong><\/p>\n\n\n\n<figure class=\"wp-block-image size-medium is-style-default\"><img loading=\"lazy\" decoding=\"async\" width=\"300\" height=\"145\" src=\"https:\/\/sommerhalter.org\/wp-content\/uploads\/2022\/04\/swr-300x145.jpg\" alt=\"\" class=\"wp-image-25\" srcset=\"https:\/\/sommerhalter.org\/wp-content\/uploads\/2022\/04\/swr-300x145.jpg 300w, https:\/\/sommerhalter.org\/wp-content\/uploads\/2022\/04\/swr-1024x495.jpg 1024w, https:\/\/sommerhalter.org\/wp-content\/uploads\/2022\/04\/swr-768x371.jpg 768w, https:\/\/sommerhalter.org\/wp-content\/uploads\/2022\/04\/swr-1536x742.jpg 1536w, https:\/\/sommerhalter.org\/wp-content\/uploads\/2022\/04\/swr-2048x990.jpg 2048w\" sizes=\"auto, (max-width: 300px) 100vw, 300px\" \/><\/figure>\n\n\n\n<blockquote class=\"wp-block-quote is-layout-flow wp-block-quote-is-layout-flow\"><p>Das drei Phasenprojekt Sch\u00fcler, Eltern und Lehrer sensibilisierte  alle Teilnehmer, Zielgruppenorientiert f\u00fcr die Chancen und Risiken der Neuen Medien. <\/p><p>&#8211; <strong>Phase 1:<\/strong> Lehrer nahmen an einer Fortbildung teil, lernten Hintergr\u00fcnde und Werkzeuge kennen<\/p><p>&#8211; <strong>Phase 2:<\/strong>  Lehrer erarbeiteten dann mit Ihren Sch\u00fclern die Unterrichtseinheiten, reflektierten und tauschten sich aus.<br>&#8211; <strong>Phase 2b:<\/strong> Die Sch\u00fcler bereiten mit Unterst\u00fctzung der Lehrkr\u00e4fte einen Elterninformationsabend vor.<br>&#8211;<strong> Phase 3<\/strong>: Elterninformation durch die Sch\u00fcler. Begleitet von dem Referenten der Phase 1 als Moderator und f\u00fcr die fachgerechte Beantwortung von Fragen der Eltern.<\/p><\/blockquote>\n\n\n\n<p><\/p>\n\n\n\n<p><\/p>\n\n\n\n<h2 class=\"wp-block-heading\">2018 startet das vier<strong> Phasenprojekt &#8222;Wir alle gegen Cybermobbing&#8220; <\/strong><\/h2>\n\n\n\n<p><strong>Die Weiterentwicklung zum 4 Phasenprojekt &#8222;Wir alle gegen Cybermobbing&#8220; zuz\u00fcglich Zertifikat: &#8222;Schule gegen Cybermobbing&#8220;<\/strong><\/p>\n\n\n\n<figure class=\"wp-block-image size-medium\"><img loading=\"lazy\" decoding=\"async\" width=\"212\" height=\"300\" src=\"https:\/\/sommerhalter.org\/wp-content\/uploads\/2022\/04\/Flyer-Zertifikat-2018_Seite_1-212x300.png\" alt=\"\" class=\"wp-image-28\" srcset=\"https:\/\/sommerhalter.org\/wp-content\/uploads\/2022\/04\/Flyer-Zertifikat-2018_Seite_1-212x300.png 212w, https:\/\/sommerhalter.org\/wp-content\/uploads\/2022\/04\/Flyer-Zertifikat-2018_Seite_1-723x1024.png 723w, https:\/\/sommerhalter.org\/wp-content\/uploads\/2022\/04\/Flyer-Zertifikat-2018_Seite_1-768x1088.png 768w, https:\/\/sommerhalter.org\/wp-content\/uploads\/2022\/04\/Flyer-Zertifikat-2018_Seite_1-1084x1536.png 1084w, https:\/\/sommerhalter.org\/wp-content\/uploads\/2022\/04\/Flyer-Zertifikat-2018_Seite_1-1446x2048.png 1446w\" sizes=\"auto, (max-width: 212px) 100vw, 212px\" \/><\/figure>\n\n\n\n<blockquote class=\"wp-block-quote is-layout-flow wp-block-quote-is-layout-flow\"><p>Inhalte wie das 3 Phasenprojekt inklusive der Nachbetreuung durch eine Telefon-Hotline f\u00fcr die Lehrer und Schulsozialarbeiter! Seit 2018 vom B\u00fcndnis gegen Cybermobbing e.V. Karlsruhe bundesweit umgesetzt. In Baden-W\u00fcrttemberg finanziert durch die Sparda-Stiftung &#8222;Bildung und Soziales&#8220; der Sparda Bank BaW\u00fc.<\/p><p>&#8211;<strong> Phase 1:<\/strong> Lehrer nahmen an einer Fortbildung teil, lernten Hintergr\u00fcnde und Werkzeuge kennen<\/p><p>&#8211; <strong>Phase 2a:<\/strong>  Auftaktveranstaltung unserer Referenten f\u00fcr die Sch\u00fcler<br>&#8211; <strong>Phase 2b: <\/strong> Lehrer erarbeiteten dann mit Ihren Sch\u00fclern die Unterrichtseinheiten, reflektierten und tauschten sich aus.<br><\/p><p>&#8211; <strong>Phase 3a:<\/strong> Die Sch\u00fcler bereiten mit Unterst\u00fctzung der Lehrkr\u00e4fte einen Elterninformationsabend vor.<br>&#8211;<strong> Phase 3b<\/strong>: Elterninformation durch die Sch\u00fcler. Begleitet von dem Referenten der Phase 1 als Moderator und f\u00fcr die fachgerechte Beantwortung von Fragen der Eltern.<\/p><p>&#8211; <strong>Phase 4: <\/strong> Durch unsere Nachbetreuende <strong>Hotline <\/strong>werden Unsicherheiten abgefangen. Fragen zur Thematik  schnell beantwortet und ein unabh\u00e4ngige Einsch\u00e4tzung und Empfehlung m\u00f6glich. Dies ist von unsch\u00e4tzbarem Wert und mein Leuchtturmprojekt<\/p><p><strong>Denn nur wer sich sicher f\u00fchlt handelt auch schnell!<\/strong><\/p><\/blockquote>\n\n\n\n<p><\/p>\n\n\n\n<hr class=\"wp-block-separator has-alpha-channel-opacity\"\/>\n\n\n\n<h2 class=\"wp-block-heading\">25.09.2020 Zeit f\u00fcr Lehrer<\/h2>\n\n\n\n<div class=\"wp-block-media-text alignwide is-stacked-on-mobile\" style=\"grid-template-columns:22% auto\"><figure class=\"wp-block-media-text__media\"><img loading=\"lazy\" decoding=\"async\" width=\"148\" height=\"335\" src=\"https:\/\/sommerhalter.org\/wp-content\/uploads\/2022\/09\/ZEIT-fur-Lehrer-Programm1024_21-e1663673425324.jpg\" alt=\"\" class=\"wp-image-368 size-full\" srcset=\"https:\/\/sommerhalter.org\/wp-content\/uploads\/2022\/09\/ZEIT-fur-Lehrer-Programm1024_21-e1663673425324.jpg 148w, https:\/\/sommerhalter.org\/wp-content\/uploads\/2022\/09\/ZEIT-fur-Lehrer-Programm1024_21-e1663673425324-133x300.jpg 133w\" sizes=\"auto, (max-width: 148px) 100vw, 148px\" \/><\/figure><div class=\"wp-block-media-text__content\">\n<p class=\"has-medium-font-size\">\u00bbZEIT f\u00fcr Lehrer \u2013eine UNCONFERENCE\u00ab<br>von ZEIT f\u00fcr die Schule und ZEIT Akademie<br>unterst\u00fctzt von Google News Initiative<\/p>\n\n\n\n<p class=\"has-medium-font-size\">Weiterf\u00fchrende Informationen finden Sie auf<br>https:\/\/verlag.zeit.de\/zeit-fuer-lehrer\/<\/p>\n<\/div><\/div>\n\n\n\n<p><\/p>\n\n\n\n<figure class=\"wp-block-image size-full\"><a href=\"https:\/\/verlag.zeit.de\/content\/uploads\/2020\/08\/ZEIT-fur-Lehrer-Programm.pdf\"><img decoding=\"async\" src=\"https:\/\/sommerhalter.org\/wp-content\/uploads\/2022\/09\/ZEIT-fur-Lehrer-Programm1024_21.jpg\" alt=\"\" class=\"wp-image-368\"\/><\/a><\/figure>\n\n\n\n<p><br><\/p>\n\n\n\n<h2 class=\"wp-block-heading\">Television:<\/h2>\n\n\n\n<p>Stern TV<\/p>\n\n\n\n<p>ZDF Volle Kanne <\/p>\n\n\n\n<p>Pro Sieben<\/p>\n\n\n\n<p>RTL<\/p>\n\n\n\n<p><\/p>\n\n\n\n<h2 class=\"wp-block-heading\">Presse:<\/h2>\n\n\n\n<p>Chip<\/p>\n\n\n\n<p>Stern<\/p>\n\n\n\n<p>Spiegel<\/p>\n\n\n\n<p><\/p>\n\n\n\n<p><\/p>\n\n\n\n<p><\/p>\n\n\n\n<p>Projekte und Veranstaltungen:<\/p>\n\n\n\n<p>Fachtagung Cybermobbing Salzburg, \u00d6sterreich 2019<br>Referent ver.di Mobbing- und Konfliktberatung in 90402 N\u00fcrnberg<br>Referent ILF Institut f\u00fcr Lehrerfortbildung 66111 Saarbr\u00fccken<br>Referent Religionsp\u00e4dagogisches Institut Loccum<br>Entwicklung Module \u201eCybermobbing\u201c f\u00fcr die Lions Quest \u201eErwachsen handeln\u201c<br>Referent \u201eNell-Breuning Haus\u201c Herzogenrath<br>Referent Deutscher Pr\u00e4ventionstag Karlsruhe<br>Referent Nieders\u00e4chsisches Landesinstitut f\u00fcr schulische Qualit\u00e4tsentwickelung<br>Referent Internetsaferday 2014 in Hannover<br>Referent Polizei Niedersachsen<br>Referent f\u00fcr die Stiftung Partnerschaft mit Afrika e.V.<br>Dozent Katholische Erwachsenenbildung u. Familienbildungsst\u00e4tten<br>Dozent Christliche Erwachsenenbildung<br>Referent f\u00fcr die Gewerkschaft Erziehung und Wissenschaft<br>B\u00fcndnis gegen Cybermobbing Karlsruhe e.V.<br>Gewinner des Jurypreises der Pi-Saar Initiative (2012)<br>Referent f\u00fcr das Landeskriminalamt Sachsen Anhalt<br>Qualifizierter Referent durch die Landesmedienanstalt-Saar (seit 2010)<br>Dozent Landesinstitut Pr\u00e4ventives Handeln \/ Saarland (2009 &#8211; 2012)<br>ProKidS Neunkirchen e.V. (seit 2003)<br>Deskalationsausbilder<br>Dozent in der Jugend- und Erwachsenenbildung (seit 1992)<\/p>\n","protected":false},"excerpt":{"rendered":"<p>Sie k\u00f6nnen zus\u00e4tzliche Referenzen unter den Kategorien der Beitr\u00e4ge anschauen. Meilensteine: Aktiv bei ProKidS Neunkirchen e.V. 2009 bis 2012 gestaltete ich f\u00fcr das Landesinstitut pr\u00e4ventives Handeln Saarland die Elternabende &#8222;Gar nicht nett im Internet?&#8220; 2012 gewann mein Konzept &#8222;Neue Medien positiv erleben&#8220; einen Jurypreis und wurde vielfach umgesetzt und weiterentwickelt.<\/p>\n","protected":false},"author":1,"featured_media":0,"parent":0,"menu_order":0,"comment_status":"closed","ping_status":"open","template":"","meta":{"footnotes":""},"class_list":["post-2","page","type-page","status-publish","hentry"],"_links":{"self":[{"href":"https:\/\/sommerhalter.org\/index.php?rest_route=\/wp\/v2\/pages\/2","targetHints":{"allow":["GET"]}}],"collection":[{"href":"https:\/\/sommerhalter.org\/index.php?rest_route=\/wp\/v2\/pages"}],"about":[{"href":"https:\/\/sommerhalter.org\/index.php?rest_route=\/wp\/v2\/types\/page"}],"author":[{"embeddable":true,"href":"https:\/\/sommerhalter.org\/index.php?rest_route=\/wp\/v2\/users\/1"}],"replies":[{"embeddable":true,"href":"https:\/\/sommerhalter.org\/index.php?rest_route=%2Fwp%2Fv2%2Fcomments&post=2"}],"version-history":[{"count":16,"href":"https:\/\/sommerhalter.org\/index.php?rest_route=\/wp\/v2\/pages\/2\/revisions"}],"predecessor-version":[{"id":397,"href":"https:\/\/sommerhalter.org\/index.php?rest_route=\/wp\/v2\/pages\/2\/revisions\/397"}],"wp:attachment":[{"href":"https:\/\/sommerhalter.org\/index.php?rest_route=%2Fwp%2Fv2%2Fmedia&parent=2"}],"curies":[{"name":"wp","href":"https:\/\/api.w.org\/{rel}","templated":true}]}}