{"id":193,"date":"2022-04-14T14:17:17","date_gmt":"2022-04-14T14:17:17","guid":{"rendered":"https:\/\/sommerhalter.org\/?page_id=193"},"modified":"2022-04-19T05:46:00","modified_gmt":"2022-04-19T05:46:00","slug":"fuer-jugend-und-familienhilfe","status":"publish","type":"page","link":"https:\/\/sommerhalter.org\/?page_id=193","title":{"rendered":"f\u00fcr Jugend- und Familienhilfe"},"content":{"rendered":"\n<p>Immer wieder erreichen mich Anfragen zur Einrichtung von Hard- und Software um sicherzustellen das:<\/p>\n\n\n\n<ul class=\"wp-block-list\"><li>jugendgef\u00e4hrdende Inhalte<\/li><li>unangemessene Inhalte<\/li><li>pathologische Verhaltensweisen<\/li><\/ul>\n\n\n\n<p>oder \u00e4hnliches eingeschr\u00e4nkt oder unterbunden wird. <\/p>\n\n\n\n<p>Es soll Dienstleister geben die solche Anfragen mit Stundens\u00e4tzen beantworten, welche zwar eine m\u00f6glicherweise funktionale, aber eben nur eine sehr kurzfristige L\u00f6sung darstellen. <\/p>\n\n\n\n<p>Ich schaue mehr auf das Ganze und m\u00f6chte l\u00e4ngerfristig Hilfe zur Selbsthilfe geben. Kurz gesagt: ja technisch kann man solche Sperren umsetzen, aber sinnvoll w\u00e4ren zus\u00e4tzliche Ma\u00dfnahmen, je nach Setting:<\/p>\n\n\n\n<p>Wie ist das Setting? <\/p>\n\n\n\n<ul class=\"wp-block-list\"><li>Familie die Pr\u00e4ventiv handeln m\u00f6chte<\/li><li>Verhaltensauff\u00e4llige Kinder denen man helfen m\u00f6chte?<\/li><li>Station\u00e4re Jugendeinrichtung?<br><\/li><\/ul>\n\n\n\n<p>Alleine aus den drei aufgef\u00fchrten m\u00f6glichen Kernsettings ergeben sich zahlreiche weitere Fragen:<\/p>\n\n\n\n<ul class=\"wp-block-list\"><li>Ziel der Massnahme?<\/li><li>Konfigurationsaufwand?<\/li><li>Zeitplan?<\/li><li>Budget?<\/li><\/ul>\n\n\n\n<p>Wenn Sie einen solchen Bedarf haben, sollten wir reden \ud83d\ude42<\/p>\n","protected":false},"excerpt":{"rendered":"<p>Immer wieder erreichen mich Anfragen zur Einrichtung von Hard- und Software um sicherzustellen das: jugendgef\u00e4hrdende Inhalte unangemessene Inhalte pathologische Verhaltensweisen oder \u00e4hnliches eingeschr\u00e4nkt oder unterbunden wird. Es soll Dienstleister geben die solche Anfragen mit Stundens\u00e4tzen beantworten, welche zwar eine m\u00f6glicherweise funktionale, aber eben nur eine sehr kurzfristige L\u00f6sung darstellen. Ich<\/p>\n","protected":false},"author":1,"featured_media":0,"parent":0,"menu_order":0,"comment_status":"closed","ping_status":"closed","template":"","meta":{"footnotes":""},"class_list":["post-193","page","type-page","status-publish","hentry"],"_links":{"self":[{"href":"https:\/\/sommerhalter.org\/index.php?rest_route=\/wp\/v2\/pages\/193","targetHints":{"allow":["GET"]}}],"collection":[{"href":"https:\/\/sommerhalter.org\/index.php?rest_route=\/wp\/v2\/pages"}],"about":[{"href":"https:\/\/sommerhalter.org\/index.php?rest_route=\/wp\/v2\/types\/page"}],"author":[{"embeddable":true,"href":"https:\/\/sommerhalter.org\/index.php?rest_route=\/wp\/v2\/users\/1"}],"replies":[{"embeddable":true,"href":"https:\/\/sommerhalter.org\/index.php?rest_route=%2Fwp%2Fv2%2Fcomments&post=193"}],"version-history":[{"count":4,"href":"https:\/\/sommerhalter.org\/index.php?rest_route=\/wp\/v2\/pages\/193\/revisions"}],"predecessor-version":[{"id":215,"href":"https:\/\/sommerhalter.org\/index.php?rest_route=\/wp\/v2\/pages\/193\/revisions\/215"}],"wp:attachment":[{"href":"https:\/\/sommerhalter.org\/index.php?rest_route=%2Fwp%2Fv2%2Fmedia&parent=193"}],"curies":[{"name":"wp","href":"https:\/\/api.w.org\/{rel}","templated":true}]}}